{"id":413,"date":"2020-07-13T18:53:12","date_gmt":"2020-07-13T16:53:12","guid":{"rendered":"http:\/\/2020.furorefestival.com\/?page_id=413"},"modified":"2020-07-23T14:29:55","modified_gmt":"2020-07-23T12:29:55","slug":"membrame","status":"publish","type":"page","link":"https:\/\/2020.furorefestival.com\/en\/artist-talk-intern\/membrame\/","title":{"rendered":"Membr\u00e2me"},"content":{"rendered":"<p><iframe loading=\"lazy\" title=\"Cie Litnerak - Projet Membr\u00e2me - Teaser 2019\" width=\"500\" height=\"281\" src=\"https:\/\/www.youtube.com\/embed\/Ey1P5onQwuY?feature=oembed\" frameborder=\"0\" allow=\"accelerometer; autoplay; encrypted-media; gyroscope; picture-in-picture\" allowfullscreen><\/iframe><\/p>\n<p><iframe loading=\"lazy\" title=\"Membr\u00e2me : la cr\u00e9ation de Laura &amp; Corentin sur les liens entre \u00eatre int\u00e9rieur et monde ext\u00e9rieur\" width=\"500\" height=\"281\" src=\"https:\/\/www.youtube.com\/embed\/BD8WPmq0B_4?feature=oembed\" frameborder=\"0\" allow=\"accelerometer; autoplay; encrypted-media; gyroscope; picture-in-picture\" allowfullscreen><\/iframe><\/p>\n<p>&nbsp;<\/p>\n<p><strong><a href=\"https:\/\/drive.google.com\/file\/d\/1R6bQs4-RpYk5uNwW28nHiVo61dUZtOgL\/view?usp=sharing\">Interview: English Transcript<\/a> <\/strong><\/p>\n<p>&nbsp;<\/p>\n<p><a href=\"https:\/\/drive.google.com\/file\/d\/17rZSNNQhWhmgNwnTJo569sPxVDHMWmgi\/view?usp=sharing\"><strong>Additional Visual Material<\/strong><\/a><\/p>\n","protected":false},"excerpt":{"rendered":"&nbsp; Interview: English Transcript &nbsp; Additional Visual Material","protected":false},"author":2,"featured_media":0,"parent":266,"menu_order":41,"comment_status":"open","ping_status":"closed","template":"","meta":{"inline_featured_image":false},"acf":[],"_links":{"self":[{"href":"https:\/\/2020.furorefestival.com\/en\/wp-json\/wp\/v2\/pages\/413"}],"collection":[{"href":"https:\/\/2020.furorefestival.com\/en\/wp-json\/wp\/v2\/pages"}],"about":[{"href":"https:\/\/2020.furorefestival.com\/en\/wp-json\/wp\/v2\/types\/page"}],"author":[{"embeddable":true,"href":"https:\/\/2020.furorefestival.com\/en\/wp-json\/wp\/v2\/users\/2"}],"replies":[{"embeddable":true,"href":"https:\/\/2020.furorefestival.com\/en\/wp-json\/wp\/v2\/comments?post=413"}],"version-history":[{"count":5,"href":"https:\/\/2020.furorefestival.com\/en\/wp-json\/wp\/v2\/pages\/413\/revisions"}],"predecessor-version":[{"id":919,"href":"https:\/\/2020.furorefestival.com\/en\/wp-json\/wp\/v2\/pages\/413\/revisions\/919"}],"up":[{"embeddable":true,"href":"https:\/\/2020.furorefestival.com\/en\/wp-json\/wp\/v2\/pages\/266"}],"wp:attachment":[{"href":"https:\/\/2020.furorefestival.com\/en\/wp-json\/wp\/v2\/media?parent=413"}],"curies":[{"name":"wp","href":"https:\/\/api.w.org\/{rel}","templated":true}]}}